{"id":4471,"date":"2025-09-03T11:21:20","date_gmt":"2025-09-03T11:21:20","guid":{"rendered":"https:\/\/lorynex.be\/?page_id=4471"},"modified":"2025-10-10T04:47:45","modified_gmt":"2025-10-10T04:47:45","slug":"impressions","status":"publish","type":"page","link":"https:\/\/lorynex.be\/en\/impressions\/","title":{"rendered":"Impressions"},"content":{"rendered":"<style>.elementor-4471 .elementor-element.elementor-element-2abb070{--display:flex;--min-height:65vh;--flex-direction:column;--container-widget-width:100%;--container-widget-height:initial;--container-widget-flex-grow:0;--container-widget-align-self:initial;--flex-wrap-mobile:wrap;--justify-content:center;--overlay-opacity:0.7;--margin-top:0px;--margin-bottom:0px;--margin-left:0px;--margin-right:0px;--padding-top:0px;--padding-bottom:0px;--padding-left:0px;--padding-right:0px;}.elementor-4471 .elementor-element.elementor-element-2abb070::before, .elementor-4471 .elementor-element.elementor-element-2abb070 > .elementor-background-video-container::before, .elementor-4471 .elementor-element.elementor-element-2abb070 > .e-con-inner > .elementor-background-video-container::before, .elementor-4471 .elementor-element.elementor-element-2abb070 > .elementor-background-slideshow::before, .elementor-4471 .elementor-element.elementor-element-2abb070 > .e-con-inner > .elementor-background-slideshow::before, .elementor-4471 .elementor-element.elementor-element-2abb070 > .elementor-motion-effects-container > .elementor-motion-effects-layer::before{--background-overlay:'';}.elementor-4471 .elementor-element.elementor-element-29d061bd{--display:flex;--gap:0px 0px;--row-gap:0px;--column-gap:0px;--padding-top:0px;--padding-bottom:0px;--padding-left:0px;--padding-right:0px;}.elementor-widget-heading .elementor-heading-title{font-family:var( --e-global-typography-primary-font-family ), Sans-serif;font-weight:var( --e-global-typography-primary-font-weight );color:var( --e-global-color-primary );}.elementor-4471 .elementor-element.elementor-element-55c666f1{text-align:center;}.elementor-4471 .elementor-element.elementor-element-55c666f1 .elementor-heading-title{font-family:\"Oswald\", Sans-serif;font-weight:300;letter-spacing:10px;word-spacing:12px;color:#FFFFFF;}.elementor-widget-text-editor{font-family:var( --e-global-typography-text-font-family ), Sans-serif;font-weight:var( --e-global-typography-text-font-weight );color:var( --e-global-color-text );}.elementor-widget-text-editor.elementor-drop-cap-view-stacked .elementor-drop-cap{background-color:var( --e-global-color-primary );}.elementor-widget-text-editor.elementor-drop-cap-view-framed .elementor-drop-cap, .elementor-widget-text-editor.elementor-drop-cap-view-default .elementor-drop-cap{color:var( --e-global-color-primary );border-color:var( --e-global-color-primary );}.elementor-4471 .elementor-element.elementor-element-64d9394c{text-align:center;color:#949494;margin:3% 0% calc(var(--kit-widget-spacing, 0px) + 0%) 0%;padding:20px 200px 0px 200px;}.elementor-4471 .elementor-element.elementor-element-412e56c2 .jeg-elementor-kit.jkit-button{text-align:center;}.elementor-4471 .elementor-element.elementor-element-412e56c2 .jeg-elementor-kit.jkit-button .jkit-button-wrapper{color:#D5D5D5;background-color:#2A2A2A;}.elementor-4471 .elementor-element.elementor-element-412e56c2 .jeg-elementor-kit.jkit-button .jkit-button-wrapper svg{fill:#D5D5D5;}.elementor-4471 .elementor-element.elementor-element-412e56c2 .jeg-elementor-kit.jkit-button .jkit-button-wrapper:hover{color:#2C2C2C;}.elementor-4471 .elementor-element.elementor-element-412e56c2 .jeg-elementor-kit.jkit-button .jkit-button-wrapper:hover svg{fill:#2C2C2C;}.elementor-4471 .elementor-element.elementor-element-412e56c2 .jeg-elementor-kit.jkit-button .jkit-button-wrapper:not(.hover-gradient):hover, .elementor-4471 .elementor-element.elementor-element-412e56c2 .jeg-elementor-kit.jkit-button .jkit-button-wrapper.hover-gradient:before{background-color:#D8D8D8;}.elementor-4471 .elementor-element.elementor-element-412e56c2 .jeg-elementor-kit.jkit-button.icon-position-before .jkit-button-wrapper i, .elementor-4471 .elementor-element.elementor-element-412e56c2 .jeg-elementor-kit.jkit-button.icon-position-before .jkit-button-wrapper svg{margin-right:5px;}.elementor-4471 .elementor-element.elementor-element-412e56c2 .jeg-elementor-kit.jkit-button.icon-position-after .jkit-button-wrapper i, .elementor-4471 .elementor-element.elementor-element-412e56c2 .jeg-elementor-kit.jkit-button.icon-position-after .jkit-button-wrapper svg{margin-left:5px;}.elementor-4471 .elementor-element.elementor-element-412e56c2{margin:1% 0% calc(var(--kit-widget-spacing, 0px) + 0%) 0%;}@media(min-width:768px){.elementor-4471 .elementor-element.elementor-element-2abb070{--content-width:1290px;}.elementor-4471 .elementor-element.elementor-element-29d061bd{--content-width:1290px;}}@media(max-width:1024px){.elementor-4471 .elementor-element.elementor-element-2abb070{--padding-top:300px;--padding-bottom:300px;--padding-left:20px;--padding-right:20px;}.elementor-4471 .elementor-element.elementor-element-64d9394c{padding:20px 100px 0px 100px;}}@media(max-width:767px){.elementor-4471 .elementor-element.elementor-element-64d9394c{padding:20px 0px 0px 0px;}}<\/style>\t\t<div data-elementor-type=\"wp-page\" data-elementor-id=\"4471\" class=\"elementor elementor-4471\">\n\t\t\t\t<div class=\"elementor-element elementor-element-2abb070 e-flex e-con-boxed e-con e-parent\" data-id=\"2abb070\" data-element_type=\"container\" data-e-type=\"container\" data-settings=\"{&quot;background_background&quot;:&quot;classic&quot;}\">\n\t\t\t\t\t<div class=\"e-con-inner\">\n\t\t<div class=\"elementor-element elementor-element-29d061bd e-flex e-con-boxed e-con e-child\" data-id=\"29d061bd\" data-element_type=\"container\" data-e-type=\"container\">\n\t\t\t\t\t<div class=\"e-con-inner\">\n\t\t\t\t<div class=\"elementor-element elementor-element-55c666f1 elementor-widget elementor-widget-heading\" data-id=\"55c666f1\" data-element_type=\"widget\" data-e-type=\"widget\" data-widget_type=\"heading.default\">\n\t\t\t\t\t<h2 class=\"elementor-heading-title elementor-size-default\">Bient\u00f4t disponible<\/h2>\t\t\t\t<\/div>\n\t\t\t\t<div class=\"elementor-element elementor-element-64d9394c elementor-widget elementor-widget-text-editor\" data-id=\"64d9394c\" data-element_type=\"widget\" data-e-type=\"widget\" data-widget_type=\"text-editor.default\">\n\t\t\t\t\t\t\t\t\t<p>Ce service sera bient\u00f4t disponible. <br \/><br \/>In the meantime, you can already contact us with any questions you may have.<\/p>\t\t\t\t\t\t\t\t<\/div>\n\t\t\t\t<div class=\"elementor-element elementor-element-412e56c2 elementor-widget elementor-widget-jkit_button\" data-id=\"412e56c2\" data-element_type=\"widget\" data-e-type=\"widget\" data-widget_type=\"jkit_button.default\">\n\t\t\t\t\t<div  class=\"jeg-elementor-kit jkit-button  icon-position-before jeg_module___69e16fddcdc9e\" ><a href=\"https:\/\/lorynex.be\/en\/contact-lorynex\/\" class=\"jkit-button-wrapper\">CONTACT<\/a><\/div>\t\t\t\t<\/div>\n\t\t\t\t\t<\/div>\n\t\t\t\t<\/div>\n\t\t\t\t\t<\/div>\n\t\t\t\t<\/div>\n\t\t\t\t<\/div>","protected":false},"excerpt":{"rendered":"<p>Bient\u00f4t disponible Ce service sera bient\u00f4t disponible. En attendant, vous pouvez d\u00e9j\u00e0 nous contacter pour toute demande. CONTACT<\/p>","protected":false},"author":1,"featured_media":0,"parent":0,"menu_order":0,"comment_status":"closed","ping_status":"closed","template":"","meta":{"_uag_custom_page_level_css":"","footnotes":""},"class_list":["post-4471","page","type-page","status-publish","hentry"],"aioseo_notices":[],"_hostinger_reach_plugin_has_subscription_block":false,"_hostinger_reach_plugin_is_elementor":false,"uagb_featured_image_src":{"full":false,"thumbnail":false,"medium":false,"medium_large":false,"large":false,"1536x1536":false,"2048x2048":false,"trp-custom-language-flag":false,"picu-thumbnail":false,"picu-small":false,"picu-medium":false,"picu-large":false},"uagb_author_info":{"display_name":"vincent.brettar@outlook.be","author_link":"https:\/\/lorynex.be\/en\/author\/vincent-brettaroutlook-be\/"},"uagb_comment_info":0,"uagb_excerpt":"Bient\u00f4t disponible Ce service sera bient\u00f4t disponible. En attendant, vous pouvez d\u00e9j\u00e0 nous contacter pour toute demande. CONTACT","_links":{"self":[{"href":"https:\/\/lorynex.be\/en\/wp-json\/wp\/v2\/pages\/4471","targetHints":{"allow":["GET"]}}],"collection":[{"href":"https:\/\/lorynex.be\/en\/wp-json\/wp\/v2\/pages"}],"about":[{"href":"https:\/\/lorynex.be\/en\/wp-json\/wp\/v2\/types\/page"}],"author":[{"embeddable":true,"href":"https:\/\/lorynex.be\/en\/wp-json\/wp\/v2\/users\/1"}],"replies":[{"embeddable":true,"href":"https:\/\/lorynex.be\/en\/wp-json\/wp\/v2\/comments?post=4471"}],"version-history":[{"count":4,"href":"https:\/\/lorynex.be\/en\/wp-json\/wp\/v2\/pages\/4471\/revisions"}],"predecessor-version":[{"id":7466,"href":"https:\/\/lorynex.be\/en\/wp-json\/wp\/v2\/pages\/4471\/revisions\/7466"}],"wp:attachment":[{"href":"https:\/\/lorynex.be\/en\/wp-json\/wp\/v2\/media?parent=4471"}],"curies":[{"name":"wp","href":"https:\/\/api.w.org\/{rel}","templated":true}]}}